{"id":1697,"date":"2023-06-15T03:55:32","date_gmt":"2023-06-15T01:55:32","guid":{"rendered":"http:\/\/lavillableuecannes.com\/contact\/"},"modified":"2024-12-02T20:04:09","modified_gmt":"2024-12-02T19:04:09","slug":"contact","status":"publish","type":"page","link":"http:\/\/lavillableuecannes.com\/en\/contact\/","title":{"rendered":"CONTACT"},"content":{"rendered":"\t\t<div data-elementor-type=\"wp-page\" data-elementor-id=\"1697\" class=\"elementor elementor-1697 elementor-336\">\n\t\t\t\t\t\t\t\t\t<section class=\"elementor-section elementor-top-section elementor-element elementor-element-29313ca elementor-section-height-min-height pt-section-content-fullwidth pt_scroll_y_80 pt-parallax-on-scroll elementor-section-boxed elementor-section-height-default elementor-section-items-middle\" data-id=\"29313ca\" data-element_type=\"section\" data-settings=\"{&quot;background_background&quot;:&quot;classic&quot;}\" data-pt-parallax-y=\"80\" style=\"background-image: none;\" data-pt-background-image=\"http:\/\/lavillableuecannes.com\/wp-content\/uploads\/2023\/10\/DSC09465-scaled.jpg\">\n\t\t\t\t\t\t\t<div class=\"elementor-background-overlay\"><\/div>\n\t\t\t\t\t\t\t<div class=\"elementor-container elementor-column-gap-no\">\n\t\t\t\t\t<div class=\"elementor-column elementor-col-100 elementor-top-column elementor-element elementor-element-f75ce94 dark-color\" data-id=\"f75ce94\" data-element_type=\"column\">\n\t\t\t<div class=\"elementor-widget-wrap elementor-element-populated\">\n\t\t\t\t\t\t\t\t<div class=\"elementor-element elementor-element-629cf21 elementor-widget elementor-widget-html\" data-id=\"629cf21\" data-element_type=\"widget\" data-widget_type=\"html.default\">\n\t\t\t\t<div class=\"elementor-widget-container\">\n\t\t\t<!-- Meta Pixel Code -->\n<script>\n!function(f,b,e,v,n,t,s)\n{if(f.fbq)return;n=f.fbq=function(){n.callMethod?\nn.callMethod.apply(n,arguments):n.queue.push(arguments)};\nif(!f._fbq)f._fbq=n;n.push=n;n.loaded=!0;n.version='2.0';\nn.queue=[];t=b.createElement(e);t.async=!0;\nt.src=v;s=b.getElementsByTagName(e)[0];\ns.parentNode.insertBefore(t,s)}(window, document,'script',\n'https:\/\/connect.facebook.net\/en_US\/fbevents.js');\nfbq('init', '842611570687158');\nfbq('track', 'PageView');\n<\/script>\n<noscript><img height=\"1\" width=\"1\" style=\"display:none\"\nsrc=\"https:\/\/www.facebook.com\/tr?id=842611570687158&ev=PageView&noscript=1\"\n\/><\/noscript>\n<!-- End Meta Pixel Code -->\t\t<\/div>\n\t\t\t\t<\/div>\n\t\t\t\t<div class=\"elementor-element elementor-element-44d6276 elementor-widget elementor-widget-pt_title\" data-id=\"44d6276\" data-element_type=\"widget\" data-widget_type=\"pt_title.default\">\n\t\t\t\t<div class=\"elementor-widget-container\">\n\t\t\t\n        <div class=\"pt-title-wrap text-center\">\t            <h1 class=\"pt-title\">\n\t                Contact\t            <\/h1>        <\/div>\t\t<\/div>\n\t\t\t\t<\/div>\n\t\t\t\t\t<\/div>\n\t\t<\/div>\n\t\t\t\t\t\t\t<\/div>\n\t\t<\/section>\n\t\t\t\t<section class=\"elementor-section elementor-top-section elementor-element elementor-element-790fa96 elementor-section-content-middle elementor-section-boxed elementor-section-height-default elementor-section-height-default\" data-id=\"790fa96\" data-element_type=\"section\" data-settings=\"{&quot;background_background&quot;:&quot;classic&quot;}\">\n\t\t\t\t\t\t<div class=\"elementor-container elementor-column-gap-no\">\n\t\t\t\t\t<div class=\"elementor-column elementor-col-50 elementor-top-column elementor-element elementor-element-1944308\" data-id=\"1944308\" data-element_type=\"column\">\n\t\t\t<div class=\"elementor-widget-wrap elementor-element-populated\">\n\t\t\t\t\t\t\t\t<div class=\"elementor-element elementor-element-5dd7730 elementor-widget elementor-widget-pt_title\" data-id=\"5dd7730\" data-element_type=\"widget\" data-widget_type=\"pt_title.default\">\n\t\t\t\t<div class=\"elementor-widget-container\">\n\t\t\t\n        <div class=\"pt-title-wrap text-left\">\t            <div class=\"pt-subtitle-wrap\"><span class=\"pt-subtitle\">GET IN TOUCH<\/span><\/div>\t            <h5 class=\"pt-title\">\n\t                Contact us\t            <\/h5>\t            <div class=\"pt-title-text\">\n\t                <p>Need to make a reservation? You can contact us by phone.<\/p><p>For all privatization requests, please contact us by e-mail : events@lavillableuecannes.com<\/p><p>Phone :\u00a0 <a href=\"tel:+33767724899\">+33 7 67 72 48 99<\/a><\/p><p>Mail : <a href=\"mailto:contact@lavillableuecannes.com\">contact@lavillableuecannes.com<\/a><\/p>\t            <\/div>        <\/div>\t\t<\/div>\n\t\t\t\t<\/div>\n\t\t\t\t<div class=\"elementor-element elementor-element-5c32744 elementor-widget elementor-widget-pt_open_hour\" data-id=\"5c32744\" data-element_type=\"widget\" data-widget_type=\"pt_open_hour.default\">\n\t\t\t\t<div class=\"elementor-widget-container\">\n\t\t\t            <div class=\"widget pt-widget_opening_hours\">\n                <table>\n                    <tbody>\n                                            <tr>\n                            <th>Monday<\/th>\n                            <td>Closed<\/td>\n                        <\/tr>\n                                            <tr>\n                            <th>Tuesday<\/th>\n                            <td>Closed<\/td>\n                        <\/tr>\n                                            <tr>\n                            <th>Wednesday<\/th>\n                            <td>Closed<\/td>\n                        <\/tr>\n                                            <tr>\n                            <th>Thursday<\/th>\n                            <td>8pm - 2:30am<\/td>\n                        <\/tr>\n                                            <tr>\n                            <th>Friday<\/th>\n                            <td>8pm - 2:30am<\/td>\n                        <\/tr>\n                                            <tr>\n                            <th>Saturday<\/th>\n                            <td>8pm - 2:30am<\/td>\n                        <\/tr>\n                                            <tr>\n                            <th>Sunday<\/th>\n                            <td>Closed<\/td>\n                        <\/tr>\n                                        <\/tbody>\n                <\/table>\n            <\/div>\t\t<\/div>\n\t\t\t\t<\/div>\n\t\t\t\t\t<\/div>\n\t\t<\/div>\n\t\t\t\t<div class=\"elementor-column elementor-col-50 elementor-top-column elementor-element elementor-element-0c38e60\" data-id=\"0c38e60\" data-element_type=\"column\" data-settings=\"{&quot;background_background&quot;:&quot;classic&quot;}\">\n\t\t\t<div class=\"elementor-widget-wrap elementor-element-populated\">\n\t\t\t\t\t\t\t\t<div class=\"elementor-element elementor-element-7bd2687 elementor-widget elementor-widget-pt_gallery\" data-id=\"7bd2687\" data-element_type=\"widget\" data-widget_type=\"pt_gallery.default\">\n\t\t\t\t<div class=\"elementor-widget-container\">\n\t\t\t\n            <div class=\"pt-gallery gap-5 gallery-grid grid-col-2 align-bottom-v\">\n                <div class=\"pt-gallery-wrap\">                    <div class=\"pt-gallery-item\"><img decoding=\"async\" width=\"1080\" height=\"1920\" src=\"http:\/\/lavillableuecannes.com\/wp-content\/uploads\/2024\/12\/CONTACT-VILLA-BLEUE-2.jpg\" class=\"attachment-full size-full wp-image-2142\" alt=\"\" srcset=\"http:\/\/lavillableuecannes.com\/wp-content\/uploads\/2024\/12\/CONTACT-VILLA-BLEUE-2.jpg 1080w, http:\/\/lavillableuecannes.com\/wp-content\/uploads\/2024\/12\/CONTACT-VILLA-BLEUE-2-169x300.jpg 169w, http:\/\/lavillableuecannes.com\/wp-content\/uploads\/2024\/12\/CONTACT-VILLA-BLEUE-2-576x1024.jpg 576w, http:\/\/lavillableuecannes.com\/wp-content\/uploads\/2024\/12\/CONTACT-VILLA-BLEUE-2-768x1365.jpg 768w, http:\/\/lavillableuecannes.com\/wp-content\/uploads\/2024\/12\/CONTACT-VILLA-BLEUE-2-864x1536.jpg 864w, http:\/\/lavillableuecannes.com\/wp-content\/uploads\/2024\/12\/CONTACT-VILLA-BLEUE-2-780x1387.jpg 780w, http:\/\/lavillableuecannes.com\/wp-content\/uploads\/2024\/12\/CONTACT-VILLA-BLEUE-2-600x1067.jpg 600w, http:\/\/lavillableuecannes.com\/wp-content\/uploads\/2024\/12\/CONTACT-VILLA-BLEUE-2-550x978.jpg 550w, http:\/\/lavillableuecannes.com\/wp-content\/uploads\/2024\/12\/CONTACT-VILLA-BLEUE-2-370x658.jpg 370w, http:\/\/lavillableuecannes.com\/wp-content\/uploads\/2024\/12\/CONTACT-VILLA-BLEUE-2-255x453.jpg 255w\" sizes=\"(max-width: 1080px) 100vw, 1080px\" \/>                    <\/div>                    <div class=\"pt-gallery-item\"><img decoding=\"async\" width=\"1080\" height=\"1620\" src=\"http:\/\/lavillableuecannes.com\/wp-content\/uploads\/2024\/12\/CONTACT-VILLA-BLEUE.jpg\" class=\"attachment-full size-full wp-image-2141\" alt=\"\" srcset=\"http:\/\/lavillableuecannes.com\/wp-content\/uploads\/2024\/12\/CONTACT-VILLA-BLEUE.jpg 1080w, http:\/\/lavillableuecannes.com\/wp-content\/uploads\/2024\/12\/CONTACT-VILLA-BLEUE-200x300.jpg 200w, http:\/\/lavillableuecannes.com\/wp-content\/uploads\/2024\/12\/CONTACT-VILLA-BLEUE-683x1024.jpg 683w, http:\/\/lavillableuecannes.com\/wp-content\/uploads\/2024\/12\/CONTACT-VILLA-BLEUE-768x1152.jpg 768w, http:\/\/lavillableuecannes.com\/wp-content\/uploads\/2024\/12\/CONTACT-VILLA-BLEUE-1024x1536.jpg 1024w, http:\/\/lavillableuecannes.com\/wp-content\/uploads\/2024\/12\/CONTACT-VILLA-BLEUE-780x1170.jpg 780w, http:\/\/lavillableuecannes.com\/wp-content\/uploads\/2024\/12\/CONTACT-VILLA-BLEUE-600x900.jpg 600w, http:\/\/lavillableuecannes.com\/wp-content\/uploads\/2024\/12\/CONTACT-VILLA-BLEUE-550x825.jpg 550w, http:\/\/lavillableuecannes.com\/wp-content\/uploads\/2024\/12\/CONTACT-VILLA-BLEUE-370x555.jpg 370w, http:\/\/lavillableuecannes.com\/wp-content\/uploads\/2024\/12\/CONTACT-VILLA-BLEUE-255x383.jpg 255w\" sizes=\"(max-width: 1080px) 100vw, 1080px\" \/>                    <\/div>                <\/div>\n            <\/div>\t\t<\/div>\n\t\t\t\t<\/div>\n\t\t\t\t\t<\/div>\n\t\t<\/div>\n\t\t\t\t\t\t\t<\/div>\n\t\t<\/section>\n\t\t\t\t<section class=\"elementor-section elementor-top-section elementor-element elementor-element-2c1dca1 elementor-section-full_width elementor-section-content-middle elementor-section-height-default elementor-section-height-default\" data-id=\"2c1dca1\" data-element_type=\"section\" data-settings=\"{&quot;background_background&quot;:&quot;classic&quot;}\">\n\t\t\t\t\t\t<div class=\"elementor-container elementor-column-gap-no\">\n\t\t\t\t\t<div class=\"elementor-column elementor-col-50 elementor-top-column elementor-element elementor-element-a1141bf\" data-id=\"a1141bf\" data-element_type=\"column\">\n\t\t\t<div class=\"elementor-widget-wrap elementor-element-populated\">\n\t\t\t\t\t\t\t\t<div class=\"elementor-element elementor-element-34b9846 elementor-widget elementor-widget-image\" data-id=\"34b9846\" data-element_type=\"widget\" data-widget_type=\"image.default\">\n\t\t\t\t<div class=\"elementor-widget-container\">\n\t\t\t<style>\/*! elementor - v3.16.0 - 17-10-2023 *\/\n.elementor-widget-image{text-align:center}.elementor-widget-image a{display:inline-block}.elementor-widget-image a img[src$=\".svg\"]{width:48px}.elementor-widget-image img{vertical-align:middle;display:inline-block}<\/style>\t\t\t\t\t\t\t\t\t\t\t\t<img decoding=\"async\" width=\"1200\" height=\"675\" src=\"http:\/\/lavillableuecannes.com\/wp-content\/uploads\/2023\/10\/CONTACT-1200x675.jpg\" class=\"attachment-patiotime_1200x9999 size-patiotime_1200x9999 wp-image-1330\" alt=\"\" srcset=\"http:\/\/lavillableuecannes.com\/wp-content\/uploads\/2023\/10\/CONTACT-1200x675.jpg 1200w, http:\/\/lavillableuecannes.com\/wp-content\/uploads\/2023\/10\/CONTACT-300x169.jpg 300w, http:\/\/lavillableuecannes.com\/wp-content\/uploads\/2023\/10\/CONTACT-1024x576.jpg 1024w, http:\/\/lavillableuecannes.com\/wp-content\/uploads\/2023\/10\/CONTACT-768x432.jpg 768w, http:\/\/lavillableuecannes.com\/wp-content\/uploads\/2023\/10\/CONTACT-1536x864.jpg 1536w, http:\/\/lavillableuecannes.com\/wp-content\/uploads\/2023\/10\/CONTACT-1440x810.jpg 1440w, http:\/\/lavillableuecannes.com\/wp-content\/uploads\/2023\/10\/CONTACT-780x439.jpg 780w, http:\/\/lavillableuecannes.com\/wp-content\/uploads\/2023\/10\/CONTACT-600x338.jpg 600w, http:\/\/lavillableuecannes.com\/wp-content\/uploads\/2023\/10\/CONTACT-550x309.jpg 550w, http:\/\/lavillableuecannes.com\/wp-content\/uploads\/2023\/10\/CONTACT-370x208.jpg 370w, http:\/\/lavillableuecannes.com\/wp-content\/uploads\/2023\/10\/CONTACT-255x143.jpg 255w, http:\/\/lavillableuecannes.com\/wp-content\/uploads\/2023\/10\/CONTACT.jpg 1920w\" sizes=\"(max-width: 1200px) 100vw, 1200px\" \/>\t\t\t\t\t\t\t\t\t\t\t\t\t\t\t<\/div>\n\t\t\t\t<\/div>\n\t\t\t\t\t<\/div>\n\t\t<\/div>\n\t\t\t\t<div class=\"elementor-column elementor-col-50 elementor-top-column elementor-element elementor-element-8d557be\" data-id=\"8d557be\" data-element_type=\"column\">\n\t\t\t<div class=\"elementor-widget-wrap elementor-element-populated\">\n\t\t\t\t\t\t\t\t<section class=\"elementor-section elementor-inner-section elementor-element elementor-element-aa7f427 elementor-section-boxed elementor-section-height-default elementor-section-height-default\" data-id=\"aa7f427\" data-element_type=\"section\" data-settings=\"{&quot;background_background&quot;:&quot;classic&quot;}\">\n\t\t\t\t\t\t<div class=\"elementor-container elementor-column-gap-no\">\n\t\t\t\t\t<div class=\"elementor-column elementor-col-100 elementor-inner-column elementor-element elementor-element-48d20ac\" data-id=\"48d20ac\" data-element_type=\"column\">\n\t\t\t<div class=\"elementor-widget-wrap elementor-element-populated\">\n\t\t\t\t\t\t\t\t<div class=\"elementor-element elementor-element-75236b2 elementor-widget elementor-widget-pt_title\" data-id=\"75236b2\" data-element_type=\"widget\" data-widget_type=\"pt_title.default\">\n\t\t\t\t<div class=\"elementor-widget-container\">\n\t\t\t\n        <div class=\"pt-title-wrap text-center\">\t            <h5 class=\"pt-title\">\n\t                Contact us\t            <\/h5>        <\/div>\t\t<\/div>\n\t\t\t\t<\/div>\n\t\t\t\t<div class=\"elementor-element elementor-element-ffcd6b0 elementor-widget elementor-widget-pt_form_cf7\" data-id=\"ffcd6b0\" data-element_type=\"widget\" data-widget_type=\"pt_form_cf7.default\">\n\t\t\t\t<div class=\"elementor-widget-container\">\n\t\t\t            <div class=\"pt-form-cf7 placeholder-normal\">\n                <div class=\"pt-form-cf7-wrap\">\n<div class=\"wpcf7 no-js\" id=\"wpcf7-f1755-o1\" lang=\"en-US\" dir=\"ltr\">\n<div class=\"screen-reader-response\"><p role=\"status\" aria-live=\"polite\" aria-atomic=\"true\"><\/p> <ul><\/ul><\/div>\n<form action=\"\/en\/wp-json\/wp\/v2\/pages\/1697#wpcf7-f1755-o1\" method=\"post\" class=\"wpcf7-form init\" aria-label=\"Contact form\" novalidate=\"novalidate\" data-status=\"init\">\n<div style=\"display: none;\">\n<input type=\"hidden\" name=\"_wpcf7\" value=\"1755\" \/>\n<input type=\"hidden\" name=\"_wpcf7_version\" value=\"5.8.1\" \/>\n<input type=\"hidden\" name=\"_wpcf7_locale\" value=\"en_US\" \/>\n<input type=\"hidden\" name=\"_wpcf7_unit_tag\" value=\"wpcf7-f1755-o1\" \/>\n<input type=\"hidden\" name=\"_wpcf7_container_post\" value=\"0\" \/>\n<input type=\"hidden\" name=\"_wpcf7_posted_data_hash\" value=\"\" \/>\n<\/div>\n<div class=\"row\">\n\t<div class=\"col-1-3\">\n\t\t<p><label><span class=\"wpcf7-form-control-wrap\" data-name=\"your-name\"><input size=\"40\" class=\"wpcf7-form-control wpcf7-text wpcf7-validates-as-required\" autocomplete=\"name\" aria-required=\"true\" aria-invalid=\"false\" placeholder=\"Your Name\" value=\"\" type=\"text\" name=\"your-name\" \/><\/span> <\/label>\n\t\t<\/p>\n\t<\/div>\n\t<div class=\"col-1-3\">\n\t\t<p><label><span class=\"wpcf7-form-control-wrap\" data-name=\"your-email\"><input size=\"40\" class=\"wpcf7-form-control wpcf7-email wpcf7-validates-as-required wpcf7-text wpcf7-validates-as-email\" autocomplete=\"email\" aria-required=\"true\" aria-invalid=\"false\" placeholder=\"Your Email\" value=\"\" type=\"email\" name=\"your-email\" \/><\/span> <\/label>\n\t\t<\/p>\n\t<\/div>\n\t<div class=\"col-1-3\">\n\t\t<p><label><span class=\"wpcf7-form-control-wrap\" data-name=\"your-subject\"><input size=\"40\" class=\"wpcf7-form-control wpcf7-text wpcf7-validates-as-required\" aria-required=\"true\" aria-invalid=\"false\" placeholder=\"Subject\" value=\"\" type=\"text\" name=\"your-subject\" \/><\/span> <\/label>\n\t\t<\/p>\n\t<\/div>\n<\/div>\n<p><label><span class=\"wpcf7-form-control-wrap\" data-name=\"your-message\"><textarea cols=\"40\" rows=\"10\" class=\"wpcf7-form-control wpcf7-textarea\" aria-invalid=\"false\" placeholder=\"Message\" name=\"your-message\"><\/textarea><\/span> <\/label>\n<\/p>\n<p class=\"text-center\"><input class=\"wpcf7-form-control wpcf7-submit has-spinner\" type=\"submit\" value=\"Send\" \/>\n<\/p><div class=\"wpcf7-response-output\" aria-hidden=\"true\"><\/div>\n<\/form>\n<\/div>\n<\/div>\n            <\/div>\t\t<\/div>\n\t\t\t\t<\/div>\n\t\t\t\t\t<\/div>\n\t\t<\/div>\n\t\t\t\t\t\t\t<\/div>\n\t\t<\/section>\n\t\t\t\t\t<\/div>\n\t\t<\/div>\n\t\t\t\t\t\t\t<\/div>\n\t\t<\/section>\n\t\t\t\t\t\t\t<\/div>\n\t\t","protected":false},"excerpt":{"rendered":"<p>Contact GET IN TOUCH Contact us Need to make a reservation? You can contact us by phone. For all privatization requests, please contact us by e-mail : events@lavillableuecannes.com Phone :\u00a0 +33 7 67 72 48 99 Mail : contact@lavillableuecannes.com Lundi Ferm\u00e9 Mardi Ferm\u00e9 Mercredi Ferm\u00e9 Jeudi 20:00 &#8211; 02:30 Vendredi 20:00 &#8211; 02:30 Samedi 20:00 &#8230;<\/p>\n","protected":false},"author":1,"featured_media":0,"parent":0,"menu_order":0,"comment_status":"closed","ping_status":"closed","template":"template-wide-content.php","meta":{"patiotime_single_page_hide_site_header":"","patiotime_single_page_site_header_source":"custom","patiotime_single_page_custom_site_header":"1669","patiotime_single_page_custom_sticky_site_header":"1669","patiotime_single_page_hide_page_title":"on","patiotime_single_page_header_section_size":"","patiotime_single_page_header_background_color":"","patiotime_single_page_header_background_position_x":"center","patiotime_single_page_header_background_position_y":"center","patiotime_single_page_header_background_size":"cover","patiotime_single_page_header_background_repeat":"off","patiotime_single_page_header_background_scroll":"on","patiotime_single_page_header_text_color":"","patiotime_single_page_header_show_breadcrumb":"","patiotime_single_page_site_footer_hide_main":"","patiotime_single_custom_site_footer_main_source":"custom","patiotime_single_custom_site_footer_main":"1678","patiotime_single_page_site_footer_hide_above":"on","patiotime_single_custom_site_footer_above_source":"","patiotime_single_custom_site_footer_above":"0","patiotime_single_page_site_footer_hide_instagram":"","patiotime_single_page_site_footer_hide_bottom":"","patiotime_single_custom_mobile_menu_source":"","patiotime_single_custom_mobile_menu":"0","patiotime_single_custom_mobile_menu_animation":"","patiotime_single_custom_mobile_menu_width":"","patiotime_single_custom_mobile_menu_custom_width":375,"footnotes":""},"class_list":["post-1697","page","type-page","status-publish","hentry"],"yoast_head":"<!-- This site is optimized with the Yoast SEO plugin v21.4 - https:\/\/yoast.com\/wordpress\/plugins\/seo\/ -->\n<title>CONTACT - La Villa Bleue Cannes<\/title>\n<meta name=\"robots\" content=\"index, follow, max-snippet:-1, max-image-preview:large, max-video-preview:-1\" \/>\n<link rel=\"canonical\" href=\"https:\/\/lavillableuecannes.com\/en\/contact\/\" \/>\n<meta property=\"og:locale\" content=\"en_US\" \/>\n<meta property=\"og:type\" content=\"article\" \/>\n<meta property=\"og:title\" content=\"CONTACT - La Villa Bleue Cannes\" \/>\n<meta property=\"og:description\" content=\"Contact GET IN TOUCH Contact us Need to make a reservation? You can contact us by phone. For all privatization requests, please contact us by e-mail : events@lavillableuecannes.com Phone :\u00a0 +33 7 67 72 48 99 Mail : contact@lavillableuecannes.com Lundi Ferm\u00e9 Mardi Ferm\u00e9 Mercredi Ferm\u00e9 Jeudi 20:00 &#8211; 02:30 Vendredi 20:00 &#8211; 02:30 Samedi 20:00 ...\" \/>\n<meta property=\"og:url\" content=\"https:\/\/lavillableuecannes.com\/en\/contact\/\" \/>\n<meta property=\"og:site_name\" content=\"La Villa Bleue Cannes\" \/>\n<meta property=\"article:modified_time\" content=\"2024-12-02T19:04:09+00:00\" \/>\n<meta property=\"og:image\" content=\"https:\/\/www.facebook.com\/tr?id=842611570687158&ev=PageView&noscript=1\" \/>\n<meta name=\"twitter:card\" content=\"summary_large_image\" \/>\n<meta name=\"twitter:label1\" content=\"Est. reading time\" \/>\n\t<meta name=\"twitter:data1\" content=\"1 minute\" \/>\n<script type=\"application\/ld+json\" class=\"yoast-schema-graph\">{\"@context\":\"https:\/\/schema.org\",\"@graph\":[{\"@type\":\"WebPage\",\"@id\":\"https:\/\/lavillableuecannes.com\/en\/contact\/\",\"url\":\"https:\/\/lavillableuecannes.com\/en\/contact\/\",\"name\":\"CONTACT - La Villa Bleue Cannes\",\"isPartOf\":{\"@id\":\"http:\/\/lavillableuecannes.com\/#website\"},\"datePublished\":\"2023-06-15T01:55:32+00:00\",\"dateModified\":\"2024-12-02T19:04:09+00:00\",\"breadcrumb\":{\"@id\":\"https:\/\/lavillableuecannes.com\/en\/contact\/#breadcrumb\"},\"inLanguage\":\"en-US\",\"potentialAction\":[{\"@type\":\"ReadAction\",\"target\":[\"https:\/\/lavillableuecannes.com\/en\/contact\/\"]}]},{\"@type\":\"BreadcrumbList\",\"@id\":\"https:\/\/lavillableuecannes.com\/en\/contact\/#breadcrumb\",\"itemListElement\":[{\"@type\":\"ListItem\",\"position\":1,\"name\":\"Home\",\"item\":\"http:\/\/lavillableuecannes.com\/en\/\"},{\"@type\":\"ListItem\",\"position\":2,\"name\":\"CONTACT\"}]},{\"@type\":\"WebSite\",\"@id\":\"http:\/\/lavillableuecannes.com\/#website\",\"url\":\"http:\/\/lavillableuecannes.com\/\",\"name\":\"La Villa Bleue Cannes\",\"description\":\"Cannes Restaurant\",\"publisher\":{\"@id\":\"http:\/\/lavillableuecannes.com\/#organization\"},\"potentialAction\":[{\"@type\":\"SearchAction\",\"target\":{\"@type\":\"EntryPoint\",\"urlTemplate\":\"http:\/\/lavillableuecannes.com\/?s={search_term_string}\"},\"query-input\":\"required name=search_term_string\"}],\"inLanguage\":\"en-US\"},{\"@type\":\"Organization\",\"@id\":\"http:\/\/lavillableuecannes.com\/#organization\",\"name\":\"La Villa Bleue Cannes\",\"url\":\"http:\/\/lavillableuecannes.com\/\",\"logo\":{\"@type\":\"ImageObject\",\"inLanguage\":\"en-US\",\"@id\":\"http:\/\/lavillableuecannes.com\/#\/schema\/logo\/image\/\",\"url\":\"http:\/\/lavillableuecannes.com\/wp-content\/uploads\/2024\/12\/VILLA-BLEUE-LOGO-BLANC.png\",\"contentUrl\":\"http:\/\/lavillableuecannes.com\/wp-content\/uploads\/2024\/12\/VILLA-BLEUE-LOGO-BLANC.png\",\"width\":1020,\"height\":686,\"caption\":\"La Villa Bleue Cannes\"},\"image\":{\"@id\":\"http:\/\/lavillableuecannes.com\/#\/schema\/logo\/image\/\"}}]}<\/script>\n<!-- \/ Yoast SEO plugin. -->","yoast_head_json":{"title":"CONTACT - La Villa Bleue Cannes","robots":{"index":"index","follow":"follow","max-snippet":"max-snippet:-1","max-image-preview":"max-image-preview:large","max-video-preview":"max-video-preview:-1"},"canonical":"https:\/\/lavillableuecannes.com\/en\/contact\/","og_locale":"en_US","og_type":"article","og_title":"CONTACT - La Villa Bleue Cannes","og_description":"Contact GET IN TOUCH Contact us Need to make a reservation? You can contact us by phone. For all privatization requests, please contact us by e-mail : events@lavillableuecannes.com Phone :\u00a0 +33 7 67 72 48 99 Mail : contact@lavillableuecannes.com Lundi Ferm\u00e9 Mardi Ferm\u00e9 Mercredi Ferm\u00e9 Jeudi 20:00 &#8211; 02:30 Vendredi 20:00 &#8211; 02:30 Samedi 20:00 ...","og_url":"https:\/\/lavillableuecannes.com\/en\/contact\/","og_site_name":"La Villa Bleue Cannes","article_modified_time":"2024-12-02T19:04:09+00:00","og_image":[{"url":"https:\/\/www.facebook.com\/tr?id=842611570687158&ev=PageView&noscript=1"}],"twitter_card":"summary_large_image","twitter_misc":{"Est. reading time":"1 minute"},"schema":{"@context":"https:\/\/schema.org","@graph":[{"@type":"WebPage","@id":"https:\/\/lavillableuecannes.com\/en\/contact\/","url":"https:\/\/lavillableuecannes.com\/en\/contact\/","name":"CONTACT - La Villa Bleue Cannes","isPartOf":{"@id":"http:\/\/lavillableuecannes.com\/#website"},"datePublished":"2023-06-15T01:55:32+00:00","dateModified":"2024-12-02T19:04:09+00:00","breadcrumb":{"@id":"https:\/\/lavillableuecannes.com\/en\/contact\/#breadcrumb"},"inLanguage":"en-US","potentialAction":[{"@type":"ReadAction","target":["https:\/\/lavillableuecannes.com\/en\/contact\/"]}]},{"@type":"BreadcrumbList","@id":"https:\/\/lavillableuecannes.com\/en\/contact\/#breadcrumb","itemListElement":[{"@type":"ListItem","position":1,"name":"Home","item":"http:\/\/lavillableuecannes.com\/en\/"},{"@type":"ListItem","position":2,"name":"CONTACT"}]},{"@type":"WebSite","@id":"http:\/\/lavillableuecannes.com\/#website","url":"http:\/\/lavillableuecannes.com\/","name":"La Villa Bleue Cannes","description":"Cannes Restaurant","publisher":{"@id":"http:\/\/lavillableuecannes.com\/#organization"},"potentialAction":[{"@type":"SearchAction","target":{"@type":"EntryPoint","urlTemplate":"http:\/\/lavillableuecannes.com\/?s={search_term_string}"},"query-input":"required name=search_term_string"}],"inLanguage":"en-US"},{"@type":"Organization","@id":"http:\/\/lavillableuecannes.com\/#organization","name":"La Villa Bleue Cannes","url":"http:\/\/lavillableuecannes.com\/","logo":{"@type":"ImageObject","inLanguage":"en-US","@id":"http:\/\/lavillableuecannes.com\/#\/schema\/logo\/image\/","url":"http:\/\/lavillableuecannes.com\/wp-content\/uploads\/2024\/12\/VILLA-BLEUE-LOGO-BLANC.png","contentUrl":"http:\/\/lavillableuecannes.com\/wp-content\/uploads\/2024\/12\/VILLA-BLEUE-LOGO-BLANC.png","width":1020,"height":686,"caption":"La Villa Bleue Cannes"},"image":{"@id":"http:\/\/lavillableuecannes.com\/#\/schema\/logo\/image\/"}}]}},"_links":{"self":[{"href":"http:\/\/lavillableuecannes.com\/en\/wp-json\/wp\/v2\/pages\/1697","targetHints":{"allow":["GET"]}}],"collection":[{"href":"http:\/\/lavillableuecannes.com\/en\/wp-json\/wp\/v2\/pages"}],"about":[{"href":"http:\/\/lavillableuecannes.com\/en\/wp-json\/wp\/v2\/types\/page"}],"author":[{"embeddable":true,"href":"http:\/\/lavillableuecannes.com\/en\/wp-json\/wp\/v2\/users\/1"}],"replies":[{"embeddable":true,"href":"http:\/\/lavillableuecannes.com\/en\/wp-json\/wp\/v2\/comments?post=1697"}],"version-history":[{"count":26,"href":"http:\/\/lavillableuecannes.com\/en\/wp-json\/wp\/v2\/pages\/1697\/revisions"}],"predecessor-version":[{"id":2156,"href":"http:\/\/lavillableuecannes.com\/en\/wp-json\/wp\/v2\/pages\/1697\/revisions\/2156"}],"wp:attachment":[{"href":"http:\/\/lavillableuecannes.com\/en\/wp-json\/wp\/v2\/media?parent=1697"}],"curies":[{"name":"wp","href":"https:\/\/api.w.org\/{rel}","templated":true}]}}